{"id":476,"date":"2025-11-22T12:54:00","date_gmt":"2025-11-22T12:54:00","guid":{"rendered":"https:\/\/www.rofersped.ro\/ro\/?page_id=476"},"modified":"2025-11-22T13:02:25","modified_gmt":"2025-11-22T13:02:25","slug":"gdpr","status":"publish","type":"page","link":"https:\/\/www.rofersped.ro\/ro\/index.php\/gdpr\/","title":{"rendered":"GDPR"},"content":{"rendered":"\n<div class=\"wp-block-uagb-advanced-heading uagb-block-6c7eeae4\"><h1 class=\"uagb-heading-text\">Regulamentul General privind Protectia Datelor<\/h1><div class=\"uagb-separator\"><\/div><\/div>\n\n\n\n<p><strong>1.Generalitati:<\/strong><\/p>\n\n\n\n<p>Regulamentul General privind Protectia Datelor nr. 679\/2016 (denumit in continuare GDPR), pentru protectia persoanelor fizice cu privire la prelucrarea datelor cu caracter personal si libera circulatie a acestor date, este aplicabil in toate tarile Uniunii Europene, incepand cu data de 25.05.2018. Acest Regulament are un impact semnificativ in toate sectoarele de activitate, motiv pentru care Rofersped s.a. a procedat la revizuirea programelor actuale, in conformitate cu acest Regulament, astfel incat sa poata sa identifice eventualele impedimente si sa implementeze modificarile care se impun in activitatea sa.<br>Conceptul de protec\u0163ie a datelor cu caracter personal reprezint\u0103 dreptul persoanei fizice de ai fi ap\u0103rate acele caracteristici care conduc la identificarea sa \u015fi obliga\u0163ia corelativ\u0103 a operatorului Rofersped s.a. de a adopta m\u0103suri adecvate pentru a asigura o protec\u0163ie eficient\u0103. Prin date cu caracter personal se \u00een\u0163eleg acele informa\u0163ii care pot fi puse direct sau indirect \u00een leg\u0103tur\u0103 cu o persoan\u0103 fizic\u0103 identificat\u0103 sau identificabil\u0103, cum ar fi, cu titlu de exemplu: numele, prenumele, cod numeric, personal, adresa, telefon, imaginea, vocea, situa\u0163ia economico-financiar\u0103, numar cont bancar, profesia.<br>Av\u00e2nd \u00een vedere necesitatea de a ap\u0103ra \u015fi respecta dreptul fundamental la via\u0163\u0103 intim\u0103 \u015fi privat\u0103, protec\u0163ia datelor cu caracter personal constituie un domeniu deosebit de important, fapt confirmat prin tratarea acestei tematici \u00een capitole distincte prev\u0103zute \u00een Conven\u0163ia de Aplicare a Acordului Schengen.<br>In conformitate cu cerintele GDPR, pentru a avea posibilitatea de a va informa in continuare in scopul mentionat mai jos, este necesara existenta Consimtamantului dat de dvs. Acest Consimtamant trebuie sa fie acordat printr-o actiune clara, care arata acordul liber, specific, informat si neambiguu, cu privire la procesarea datelor dvs. personale.<\/p>\n\n\n\n<p><strong>2.Drepturile persoanei vizate\/cumparatorului conferite de GDPR nr. 679\/2016<\/strong><\/p>\n\n\n\n<p>Odata cu solicitarea\/acordarea consimtamantului, sunteti informat cu privire la drepturile conferite de GDPR cu privire la datele cu caracter personal, cat si asupra consimtamantului exprimat de dumneavoastra pentru colectarea datelor personale si prelucrarea acestor date de catre Rofersped s.a. si anume:&nbsp; &nbsp; <br>\u2022 Dreptul de al revoca oricand, revocare care va fi la fel de accesibila ca si acordarea consimtamantului;<br>\u2022 Dreptul la informare\u2013 operatorul este obligat s\u0103 \u00eencuno\u015fiin\u0163eze persoana vizat\u0103 cu privire la prelucrarea datelor sale cu caracter personal, la solicitarea scrisa a acestuia ( in limita unei solicitari pe an) transmisa operatorului la adresa gdpr@rofersped.ro;<br>\u2022 Dreptul de acces la date\u2013 orice persoan\u0103 vizat\u0103 are dreptul de a ob\u0163ine de la operator, la cerere, confirmarea faptului c\u0103 datele sale personale sunt sau nu sunt prelucrate de c\u0103tre acesta;<br>\u2022 Dreptul de interven\u0163ie asupra datelor\u2013 orice persoan\u0103 vizat\u0103 are dreptul de a ob\u0163ine de la operator, \u00een mod gratuit, rectificarea, actualizarea, blocarea sau \u015ftergerea datelor a c\u0103ror prelucrare nu este conform\u0103 legii, \u00een special a datelor incomplete sau inexacte, printr-o solicitare scrisa transmisa la adresa operatorului la adresa gdpr@rofersped.ro;&nbsp; <br>\u2022 Dreptul de opozi\u0163ie- persoana vizat\u0103 are dreptul de a se opune \u00een orice moment, printr-o cerere \u00eentocmit\u0103 \u00een form\u0103 scris\u0103, datat\u0103 \u015fi semnat\u0103, din motive \u00eentemeiate \u015fi legitime legate de situa\u0163ia sa particular\u0103, ca datele care o vizeaz\u0103 s\u0103 fac\u0103 obiectul unei prelucr\u0103ri, printr-o solicitare scrisa transmisa la adresa gdpr@rofersped.ro;<br>\u2022 Dreptul de a transforma datele personale colectate in date anonime, printr-o solicitare scrisa transmisa operatorului la adresa gdpr@rofersped.ro;&nbsp; &nbsp; <br>\u2022 Dreptul de a fi uitat- persoanele fizice pot cere stergerea datelor personale daca acestea au fost prelucrate ilegal, fara consimtamantul acestora sau daca datele nu mai sunt necesare scopului in care au fost prelucrate initial.&nbsp; &nbsp; <br>\u2022 Dreptul la portabilitatea datelor- persoanele fizice au dreptul de a solicita ca datele sale personale sa fie transferate la un alt operator, situatie in care Rofersped s.a. poate furniza datele cu caracter personal ale persoanei vizate altor companii cu care se afla in relatii de parteneriat, dar numai in temeiul unui angajament de confidentialitate din partea acestora prin care garanteaza ca aceste date sunt pastrate in siguranta, in scopurile mentionate mai sus, si cu conditia existentei consimtamantului persoanei vizate pentru aceasta portabilitate.&nbsp; &nbsp; <br>\u2022 Dreptul de a nu fi supus unei decizii individuale luate \u00een baza unei prelucr\u0103ri automate, retragerea sau anularea oric\u0103rei decizii care produce efecte juridice \u00een privin\u0163a sa, adoptat\u0103 exclusiv pe baza unei prelucr\u0103ri de date cu caracter personal, efectuat\u0103 prin mijloace automate.&nbsp; &nbsp;<br>\u2022 Dreptul de a se adresa justi\u0163iei &#8211; orice persoan\u0103 care a suferit un prejudiciu \u00een urma unei prelucr\u0103ri de date cu caracter personal, efectuate ilegal, se poate adresa instan\u0163ei competente pentru repararea acestuia. \u00cen cazul \u00een care persoanele ale c\u0103ror date cu caracter personal sunt prelucrate consider\u0103 c\u0103 drepturile prev\u0103zute de GDPR le-au fost \u00eenc\u0103lcate, acestea se pot adresa \u00een scris Autorit\u0103\u0163ii de Supraveghere cu condi\u0163ia de a nu fi introdus anterior o ac\u0163iune \u00een justi\u0163ie, cu acela\u015fi obiect, \u00eens\u0103 numai dup\u0103 ce s-au adresat \u00een prealabil operatorului reclamat. Operatorul reclamat are obligativitatea de a raspunde partii vizate, in scris, in termen de 15 zile de la primirea sesizarii. Pl\u00e2ngerea c\u0103tre Autoritatea de Supraveghere nu poate fi \u00eenaintata mai devreme de 15 zile de la \u00eenaintarea unei pl\u00e2ngeri cu acela\u015fi con\u0163inut c\u0103tre operator. \u00cen cazul \u00een care pl\u00e2ngerea este g\u0103sit\u0103 \u00eentemeiat\u0103, \u00een termen de 30 de zile de la data primirii acesteia, Autoritatea de Supraveghere trebuie s\u0103 comunice p\u0103r\u0163ilor interesate decizia luat\u0103, decizie care trebuie s\u0103 fie motivat\u0103. Autoritatea de Supraveghere se poate adresa justi\u0163iei pentru ap\u0103rarea oric\u0103ror drepturi ale persoanelor vizate, garantate de lege.<\/p>\n\n\n\n<p><strong>3. Scopul colectarii si prelucrarii datelor cu caracter personal il reprezinta:&nbsp; <\/strong>&nbsp; <\/p>\n\n\n\n<p>\u2022 Informarea clientilor\/potentialilor clienti cu privire la situatia contului lor, inclusiv validarea, expedierea si facturarea serviciilor, solutionarea problemelor ivite odata cu emiterea unei comenzi de servicii.&nbsp; &nbsp; <br>\u2022 Transmiterea de newsletter-e si\/sau alerte periodice, folosind posta electronica ( e-mail, SMS), oferte comerciale;&nbsp; &nbsp; <br>\u2022 Pentru activitati de cercetare a pietei, urmarire si monitorizare a vanzarilor, cat si &nbsp;comportamentul Clientului\/Cumparatorului;<\/p>\n\n\n\n<p><strong>4. Obligatii ale operatorului Rofersped s.a.<\/strong><\/p>\n\n\n\n<p>Conform cerintelor GDPR nr. 679\/2016, Rofersped s.a. are obligatia de a administra in conditii de siguranta si numai pentru scopurile specificate, datele cu caracter personal pe care ni le furnizati. Totodata operatorului ii revine obligatia de a notifica persoana vizata a caror date au fost dezvaluite, daca aceasta notificare nu se dovedeste a fi imposibila sau nu presupune un efort disproportionat fata de intesul legitim care ar putea fi lezat.<\/p>\n\n\n\n<p><strong>5. Acceptul dat de persoana vizata\/cumparator<\/strong><\/p>\n\n\n\n<p>Prin completarea datelor in formularul de creare de cont si\/sau de Comanda, Cumparatorul declara si accepta neconditionat ca datele sale personale sa fie incluse in baza de date a Rofersped s.a. si isi exprima acordul expres si neechivoc ca toate aceste date personale sa fie stocate, utilizate si prelucrate in scopurile aratate mai sus, la punctul 3.<br>Prin lecturarea acestor informatii, Cumparatorul declara ca a citit, a inteles si este de acord ca operatorul Rofersped s.a. sa colecteze, sa stocheze si sa prelucreze datele cu caracter personal, conform cerin\u0163elor Legii nr. 506\/2004 \u0219i GDPR (2016\/679), totodata luand la cunostiinta si despre drepturile conferite de aceste dispozitii legale.<br>Dac\u0103 dori\u021bi s\u0103 fi\u021bi informat in scopul mentionat mai sus, v\u0103 rug\u0103m s\u0103 ne acorda\u021bi consim\u021b\u0103m\u00e2ntul dumneavoastr\u0103 pentru a v\u0103 informa \u00een leg\u0103tur\u0103 cu acestea. Ve\u021bi putea oric\u00e2nd s\u0103 renun\u021ba\u021bi la aceast\u0103 facilitate \u0219i s\u0103 ne solicita\u021bi modificarea datelor dumneavoastr\u0103 de contact sau \u0219tergerea lor.<br>In conformitate cu dispozitiile art. 6 aliniatul 1, litera f , coroborat cu art. 47 din GDPR, prelucrarea datelor cu caracter personal indeplineste conditiile legale impuse de GDPR, daca prelucrarea are drept scop marketingul direct si este necesara in scopul unui interes legitim urmarit de operator sau de o parte terta. Totodata, prin prevederile art. 70 din GDPR, persoanelor fizice li se ofera dreptul ca in cazul \u00een care datele cu caracter personal sunt prelucrate \u00een scopuri de marketing direct, sa se opuna unei astfel de prelucr\u0103ri, \u00een orice moment \u015fi \u00een mod gratuit. Acest drept este adus \u00een mod explicit \u00een aten\u0163ia persoanei vizate \u015fi prezentat, \u00een mod clar \u015fi separat de orice alte informa\u0163ii.<\/p>\n","protected":false},"excerpt":{"rendered":"<p>Regulamentul General privind Protectia Datelor 1.Generalitati: Regulamentul General privind Protectia Datelor nr. 679\/2016 (denumit in continuare GDPR), pentru protectia persoanelor fizice cu privire la prelucrarea datelor cu caracter personal si libera circulatie a acestor date, este aplicabil in toate tarile Uniunii Europene, incepand cu data de 25.05.2018. Acest Regulament are un impact semnificativ in toate [&hellip;]<\/p>\n","protected":false},"author":1,"featured_media":0,"parent":0,"menu_order":0,"comment_status":"closed","ping_status":"closed","template":"","meta":{"_uag_custom_page_level_css":"","footnotes":""},"class_list":["post-476","page","type-page","status-publish","czr-hentry"],"uagb_featured_image_src":{"full":false,"thumbnail":false,"medium":false,"medium_large":false,"large":false,"1536x1536":false,"2048x2048":false,"tc-grid-full":false,"tc-grid":false,"tc-thumb":false,"slider-full":false,"slider":false,"tc-sq-thumb":false,"tc-ws-thumb":false,"tc-ws-small-thumb":false,"tc-slider-small":false},"uagb_author_info":{"display_name":"itadmin","author_link":"https:\/\/www.rofersped.ro\/ro\/index.php\/author\/itadmin\/"},"uagb_comment_info":0,"uagb_excerpt":"Regulamentul General privind Protectia Datelor 1.Generalitati: Regulamentul General privind Protectia Datelor nr. 679\/2016 (denumit in continuare GDPR), pentru protectia persoanelor fizice cu privire la prelucrarea datelor cu caracter personal si libera circulatie a acestor date, este aplicabil in toate tarile Uniunii Europene, incepand cu data de 25.05.2018. Acest Regulament are un impact semnificativ in toate&hellip;","_links":{"self":[{"href":"https:\/\/www.rofersped.ro\/ro\/index.php\/wp-json\/wp\/v2\/pages\/476","targetHints":{"allow":["GET"]}}],"collection":[{"href":"https:\/\/www.rofersped.ro\/ro\/index.php\/wp-json\/wp\/v2\/pages"}],"about":[{"href":"https:\/\/www.rofersped.ro\/ro\/index.php\/wp-json\/wp\/v2\/types\/page"}],"author":[{"embeddable":true,"href":"https:\/\/www.rofersped.ro\/ro\/index.php\/wp-json\/wp\/v2\/users\/1"}],"replies":[{"embeddable":true,"href":"https:\/\/www.rofersped.ro\/ro\/index.php\/wp-json\/wp\/v2\/comments?post=476"}],"version-history":[{"count":3,"href":"https:\/\/www.rofersped.ro\/ro\/index.php\/wp-json\/wp\/v2\/pages\/476\/revisions"}],"predecessor-version":[{"id":482,"href":"https:\/\/www.rofersped.ro\/ro\/index.php\/wp-json\/wp\/v2\/pages\/476\/revisions\/482"}],"wp:attachment":[{"href":"https:\/\/www.rofersped.ro\/ro\/index.php\/wp-json\/wp\/v2\/media?parent=476"}],"curies":[{"name":"wp","href":"https:\/\/api.w.org\/{rel}","templated":true}]}}